{"id":10728,"date":"2024-06-05T18:40:28","date_gmt":"2024-06-05T21:40:28","guid":{"rendered":"https:\/\/mikafolica.com.br\/wp\/?post_type=product&#038;p=10728"},"modified":"2026-01-12T10:23:27","modified_gmt":"2026-01-12T13:23:27","slug":"meia-calca-rosa-com-pe-olmos","status":"publish","type":"product","link":"https:\/\/mikafolica.com.br\/wp\/produto\/meia-calca-rosa-com-pe-olmos\/","title":{"rendered":"Meia Cal\u00e7a Rosa com P\u00e9 Olmos Ballet"},"content":{"rendered":"<p>Meia Cal\u00e7a Rosa com P\u00e9<\/p>\n","protected":false},"excerpt":{"rendered":"<p>Meia Cal\u00e7a Rosa com P\u00e9<\/p>\n","protected":false},"featured_media":355,"template":"","meta":{"_themeisle_gutenberg_block_has_review":false},"product_brand":[],"product_cat":[492],"product_tag":[],"berocket_brand":[367],"class_list":{"0":"post-10728","1":"product","2":"type-product","3":"status-publish","4":"has-post-thumbnail","6":"product_cat-olmos-ballet","7":"berocket_brand-olmos-ballet","9":"entry","10":"has-media","12":"first","13":"instock","14":"shipping-taxable","15":"purchasable","16":"product-type-variable","17":"col","18":"span_1_of_3","19":"owp-content-center","20":"owp-thumbs-layout-horizontal","21":"owp-btn-big","22":"owp-tabs-layout-horizontal","23":"has-no-thumbnails"},"jetpack_sharing_enabled":true,"_links":{"self":[{"href":"https:\/\/mikafolica.com.br\/wp\/wp-json\/wp\/v2\/product\/10728","targetHints":{"allow":["GET"]}}],"collection":[{"href":"https:\/\/mikafolica.com.br\/wp\/wp-json\/wp\/v2\/product"}],"about":[{"href":"https:\/\/mikafolica.com.br\/wp\/wp-json\/wp\/v2\/types\/product"}],"wp:featuredmedia":[{"embeddable":true,"href":"https:\/\/mikafolica.com.br\/wp\/wp-json\/wp\/v2\/media\/355"}],"wp:attachment":[{"href":"https:\/\/mikafolica.com.br\/wp\/wp-json\/wp\/v2\/media?parent=10728"}],"wp:term":[{"taxonomy":"product_brand","embeddable":true,"href":"https:\/\/mikafolica.com.br\/wp\/wp-json\/wp\/v2\/product_brand?post=10728"},{"taxonomy":"product_cat","embeddable":true,"href":"https:\/\/mikafolica.com.br\/wp\/wp-json\/wp\/v2\/product_cat?post=10728"},{"taxonomy":"product_tag","embeddable":true,"href":"https:\/\/mikafolica.com.br\/wp\/wp-json\/wp\/v2\/product_tag?post=10728"},{"taxonomy":"berocket_brand","embeddable":true,"href":"https:\/\/mikafolica.com.br\/wp\/wp-json\/wp\/v2\/berocket_brand?post=10728"}],"curies":[{"name":"wp","href":"https:\/\/api.w.org\/{rel}","templated":true}]}}