{"id":10796,"date":"2024-06-05T19:10:57","date_gmt":"2024-06-05T22:10:57","guid":{"rendered":"https:\/\/mikafolica.com.br\/wp\/?post_type=product&#038;p=10796"},"modified":"2026-02-05T18:48:35","modified_gmt":"2026-02-05T21:48:35","slug":"blusao-evf","status":"publish","type":"product","link":"https:\/\/mikafolica.com.br\/wp\/produto\/blusao-evf\/","title":{"rendered":"Blusa Moletom Preto, Espa\u00e7o Vivien Fortes"},"content":{"rendered":"<p>Blus\u00e3o Moletom Chimpa EVF, em tecido com superf\u00edcie lisa e avesso com felpa, tem toque macio e boa resist\u00eancia.<\/p>\n","protected":false},"excerpt":{"rendered":"<p>A Blusa de Moleton \u00e9 confort\u00e1vel e oferece toda qualidade e tecnologia Mika Folica. Confeccionado em moletom flanelado fino, que aquece na medida certa.<br \/>\nEssa pe\u00e7a possui manga longa e capuz. Bolso canguru na frente, sem z\u00edper. Possui ainda cord\u00e3o de algod\u00e3o ajust\u00e1vel no capuz e detalhe em ilh\u00f3s.<br \/>\n\u00c9 100% sublimado no design selecionado pela escola.<\/p>\n","protected":false},"featured_media":10840,"template":"","meta":{"_themeisle_gutenberg_block_has_review":false},"product_brand":[],"product_cat":[504],"product_tag":[],"berocket_brand":[505],"class_list":{"0":"post-10796","1":"product","2":"type-product","3":"status-publish","4":"has-post-thumbnail","6":"product_cat-espaco-vivien-fortes","7":"berocket_brand-espaco-vivien-fortes","9":"entry","10":"has-media","12":"first","13":"instock","14":"featured","15":"shipping-taxable","16":"purchasable","17":"product-type-variable","18":"col","19":"span_1_of_3","20":"owp-content-center","21":"owp-thumbs-layout-horizontal","22":"owp-btn-big","23":"owp-tabs-layout-horizontal"},"jetpack_sharing_enabled":true,"_links":{"self":[{"href":"https:\/\/mikafolica.com.br\/wp\/wp-json\/wp\/v2\/product\/10796","targetHints":{"allow":["GET"]}}],"collection":[{"href":"https:\/\/mikafolica.com.br\/wp\/wp-json\/wp\/v2\/product"}],"about":[{"href":"https:\/\/mikafolica.com.br\/wp\/wp-json\/wp\/v2\/types\/product"}],"wp:featuredmedia":[{"embeddable":true,"href":"https:\/\/mikafolica.com.br\/wp\/wp-json\/wp\/v2\/media\/10840"}],"wp:attachment":[{"href":"https:\/\/mikafolica.com.br\/wp\/wp-json\/wp\/v2\/media?parent=10796"}],"wp:term":[{"taxonomy":"product_brand","embeddable":true,"href":"https:\/\/mikafolica.com.br\/wp\/wp-json\/wp\/v2\/product_brand?post=10796"},{"taxonomy":"product_cat","embeddable":true,"href":"https:\/\/mikafolica.com.br\/wp\/wp-json\/wp\/v2\/product_cat?post=10796"},{"taxonomy":"product_tag","embeddable":true,"href":"https:\/\/mikafolica.com.br\/wp\/wp-json\/wp\/v2\/product_tag?post=10796"},{"taxonomy":"berocket_brand","embeddable":true,"href":"https:\/\/mikafolica.com.br\/wp\/wp-json\/wp\/v2\/berocket_brand?post=10796"}],"curies":[{"name":"wp","href":"https:\/\/api.w.org\/{rel}","templated":true}]}}