{"id":10989,"date":"2024-06-07T18:11:53","date_gmt":"2024-06-07T21:11:53","guid":{"rendered":"https:\/\/mikafolica.com.br\/wp\/?post_type=product&#038;p=10989"},"modified":"2026-02-05T19:01:26","modified_gmt":"2026-02-05T22:01:26","slug":"casaquinho-reversao","status":"publish","type":"product","link":"https:\/\/mikafolica.com.br\/wp\/produto\/casaquinho-reversao\/","title":{"rendered":"Casaquinho Revers\u00e3o"},"content":{"rendered":"<p>Casaquinho feito em Suplex com elastano. Aconselh\u00e1vel us\u00e1-lo justinho ao corpo!<\/p>\n<p>&nbsp;<\/p>\n","protected":false},"excerpt":{"rendered":"<p>O Casaquinho Transpassado \u00e9 perfeito para compor o look da pequena bailarina que quer se manter aquecida uniformizada e com estilo.<br \/>\nConfeccionada em Suplex possui longos cord\u00f5es de transpasse para fechamento.<br \/>\n\u00c9 100% sublimado no design selecionado pela escola.<\/p>\n","protected":false},"featured_media":15968,"template":"","meta":{"_themeisle_gutenberg_block_has_review":false},"product_brand":[],"product_cat":[506],"product_tag":[],"berocket_brand":[507],"class_list":{"0":"post-10989","1":"product","2":"type-product","3":"status-publish","4":"has-post-thumbnail","6":"product_cat-escola-de-ginastica-reversao","7":"berocket_brand-escola-de-ginastica-reversao","9":"entry","10":"has-media","12":"first","13":"instock","14":"featured","15":"shipping-taxable","16":"purchasable","17":"product-type-variable","18":"col","19":"span_1_of_3","20":"owp-content-center","21":"owp-thumbs-layout-horizontal","22":"owp-btn-big","23":"owp-tabs-layout-horizontal","24":"has-no-thumbnails"},"jetpack_sharing_enabled":true,"_links":{"self":[{"href":"https:\/\/mikafolica.com.br\/wp\/wp-json\/wp\/v2\/product\/10989","targetHints":{"allow":["GET"]}}],"collection":[{"href":"https:\/\/mikafolica.com.br\/wp\/wp-json\/wp\/v2\/product"}],"about":[{"href":"https:\/\/mikafolica.com.br\/wp\/wp-json\/wp\/v2\/types\/product"}],"wp:featuredmedia":[{"embeddable":true,"href":"https:\/\/mikafolica.com.br\/wp\/wp-json\/wp\/v2\/media\/15968"}],"wp:attachment":[{"href":"https:\/\/mikafolica.com.br\/wp\/wp-json\/wp\/v2\/media?parent=10989"}],"wp:term":[{"taxonomy":"product_brand","embeddable":true,"href":"https:\/\/mikafolica.com.br\/wp\/wp-json\/wp\/v2\/product_brand?post=10989"},{"taxonomy":"product_cat","embeddable":true,"href":"https:\/\/mikafolica.com.br\/wp\/wp-json\/wp\/v2\/product_cat?post=10989"},{"taxonomy":"product_tag","embeddable":true,"href":"https:\/\/mikafolica.com.br\/wp\/wp-json\/wp\/v2\/product_tag?post=10989"},{"taxonomy":"berocket_brand","embeddable":true,"href":"https:\/\/mikafolica.com.br\/wp\/wp-json\/wp\/v2\/berocket_brand?post=10989"}],"curies":[{"name":"wp","href":"https:\/\/api.w.org\/{rel}","templated":true}]}}