{"id":11407,"date":"2024-06-20T19:04:23","date_gmt":"2024-06-20T22:04:23","guid":{"rendered":"https:\/\/mikafolica.com.br\/wp\/?post_type=product&#038;p=11407"},"modified":"2026-02-06T15:41:16","modified_gmt":"2026-02-06T18:41:16","slug":"macaquinho-jazz-viva-la-danse","status":"publish","type":"product","link":"https:\/\/mikafolica.com.br\/wp\/produto\/macaquinho-jazz-viva-la-danse\/","title":{"rendered":"Macaquinho Jazz Viva La Danse"},"content":{"rendered":"<p>Macaquinho Jazz Viva La Danse<\/p>\n","protected":false},"excerpt":{"rendered":"<p>O Macaquinho para Gin\u00e1stica foi desenvolvido em suplex especial, que possui tecnologia para ser estampado na sublima\u00e7\u00e3o.<br \/>\n\u00c9 ideal para treinos que exigem mobilidade e prote\u00e7\u00e3o com menor exposi\u00e7\u00e3o da pele.<br \/>\n\u00c9 100% sublimado no design selecionado pela escola.<\/p>\n","protected":false},"featured_media":14082,"template":"","meta":{"_themeisle_gutenberg_block_has_review":false},"product_brand":[],"product_cat":[522],"product_tag":[],"berocket_brand":[523],"class_list":{"0":"post-11407","1":"product","2":"type-product","3":"status-publish","4":"has-post-thumbnail","6":"product_cat-viva-la-danse","7":"berocket_brand-viva-la-danse","9":"entry","10":"has-media","12":"first","13":"instock","14":"featured","15":"shipping-taxable","16":"purchasable","17":"product-type-variable","18":"col","19":"span_1_of_3","20":"owp-content-center","21":"owp-thumbs-layout-horizontal","22":"owp-btn-big","23":"owp-tabs-layout-horizontal","24":"has-no-thumbnails"},"jetpack_sharing_enabled":true,"_links":{"self":[{"href":"https:\/\/mikafolica.com.br\/wp\/wp-json\/wp\/v2\/product\/11407","targetHints":{"allow":["GET"]}}],"collection":[{"href":"https:\/\/mikafolica.com.br\/wp\/wp-json\/wp\/v2\/product"}],"about":[{"href":"https:\/\/mikafolica.com.br\/wp\/wp-json\/wp\/v2\/types\/product"}],"wp:featuredmedia":[{"embeddable":true,"href":"https:\/\/mikafolica.com.br\/wp\/wp-json\/wp\/v2\/media\/14082"}],"wp:attachment":[{"href":"https:\/\/mikafolica.com.br\/wp\/wp-json\/wp\/v2\/media?parent=11407"}],"wp:term":[{"taxonomy":"product_brand","embeddable":true,"href":"https:\/\/mikafolica.com.br\/wp\/wp-json\/wp\/v2\/product_brand?post=11407"},{"taxonomy":"product_cat","embeddable":true,"href":"https:\/\/mikafolica.com.br\/wp\/wp-json\/wp\/v2\/product_cat?post=11407"},{"taxonomy":"product_tag","embeddable":true,"href":"https:\/\/mikafolica.com.br\/wp\/wp-json\/wp\/v2\/product_tag?post=11407"},{"taxonomy":"berocket_brand","embeddable":true,"href":"https:\/\/mikafolica.com.br\/wp\/wp-json\/wp\/v2\/berocket_brand?post=11407"}],"curies":[{"name":"wp","href":"https:\/\/api.w.org\/{rel}","templated":true}]}}