{"id":14256,"date":"2025-02-19T16:35:33","date_gmt":"2025-02-19T19:35:33","guid":{"rendered":"https:\/\/mikafolica.com.br\/wp\/?post_type=product&#038;p=14256"},"modified":"2026-01-09T13:29:30","modified_gmt":"2026-01-09T16:29:30","slug":"bermuda-justa-para-ginastica-aquamozart","status":"publish","type":"product","link":"https:\/\/mikafolica.com.br\/wp\/produto\/bermuda-justa-para-ginastica-aquamozart\/","title":{"rendered":"Shorts Justo Aquamozart"},"content":{"rendered":"<p>Shorts Justo Aquamozart<\/p>\n","protected":false},"excerpt":{"rendered":"<p>O Shorts Justo foi desenvolvido para oferecer conforto e performance em diferentes modalidades esportivas.<br \/>\nCom comprimento mais curto, proporciona liberdade total aos movimentos, enquanto o tecido em Suplex de compress\u00e3o moderada garante sustenta\u00e7\u00e3o e firmeza.<br \/>\n\u00c9 100% sublimado no design selecionado pela escola.<\/p>\n","protected":false},"featured_media":14291,"template":"","meta":{"_themeisle_gutenberg_block_has_review":false},"product_brand":[],"product_cat":[671],"product_tag":[],"berocket_brand":[672],"class_list":{"0":"post-14256","1":"product","2":"type-product","3":"status-publish","4":"has-post-thumbnail","6":"product_cat-aquamozart","7":"berocket_brand-aquamozart","9":"entry","10":"has-media","12":"first","13":"instock","14":"featured","15":"shipping-taxable","16":"purchasable","17":"product-type-variable","18":"col","19":"span_1_of_3","20":"owp-content-center","21":"owp-thumbs-layout-horizontal","22":"owp-btn-big","23":"owp-tabs-layout-horizontal","24":"has-no-thumbnails"},"jetpack_sharing_enabled":true,"_links":{"self":[{"href":"https:\/\/mikafolica.com.br\/wp\/wp-json\/wp\/v2\/product\/14256","targetHints":{"allow":["GET"]}}],"collection":[{"href":"https:\/\/mikafolica.com.br\/wp\/wp-json\/wp\/v2\/product"}],"about":[{"href":"https:\/\/mikafolica.com.br\/wp\/wp-json\/wp\/v2\/types\/product"}],"wp:featuredmedia":[{"embeddable":true,"href":"https:\/\/mikafolica.com.br\/wp\/wp-json\/wp\/v2\/media\/14291"}],"wp:attachment":[{"href":"https:\/\/mikafolica.com.br\/wp\/wp-json\/wp\/v2\/media?parent=14256"}],"wp:term":[{"taxonomy":"product_brand","embeddable":true,"href":"https:\/\/mikafolica.com.br\/wp\/wp-json\/wp\/v2\/product_brand?post=14256"},{"taxonomy":"product_cat","embeddable":true,"href":"https:\/\/mikafolica.com.br\/wp\/wp-json\/wp\/v2\/product_cat?post=14256"},{"taxonomy":"product_tag","embeddable":true,"href":"https:\/\/mikafolica.com.br\/wp\/wp-json\/wp\/v2\/product_tag?post=14256"},{"taxonomy":"berocket_brand","embeddable":true,"href":"https:\/\/mikafolica.com.br\/wp\/wp-json\/wp\/v2\/berocket_brand?post=14256"}],"curies":[{"name":"wp","href":"https:\/\/api.w.org\/{rel}","templated":true}]}}