{"id":15426,"date":"2025-04-28T09:19:39","date_gmt":"2025-04-28T12:19:39","guid":{"rendered":"https:\/\/mikafolica.com.br\/wp\/?post_type=product&#038;p=15426"},"modified":"2026-01-05T14:54:15","modified_gmt":"2026-01-05T17:54:15","slug":"collant-sem-saia-phk","status":"publish","type":"product","link":"https:\/\/mikafolica.com.br\/wp\/produto\/collant-sem-saia-phk\/","title":{"rendered":"Collant sem Saia PHK"},"content":{"rendered":"<p>Collant sem saia PHK, em tecido especial.<\/p>\n<ul>\n<li>Personalizado<\/li>\n<li>Forrado<\/li>\n<\/ul>\n","protected":false},"excerpt":{"rendered":"<p>O Collant sem Saia \u00e9 confeccionado em tecido leve extremamente confort\u00e1vel, com 10% de elastano e toque extremamente suave.<br \/>\nPossui manga regata e el\u00e1stico em todas as cavas e decotes, o que contribui para o caimento e durabilidade da pe\u00e7a.<br \/>\nO forro na cor bege est\u00e1 presente na frente e nas costas, desenvolvido com tecido com prote\u00e7\u00e3o UV.<br \/>\n\u00c9 100% sublimado no design selecionado pela escola.<\/p>\n","protected":false},"featured_media":15639,"template":"","meta":{"_themeisle_gutenberg_block_has_review":false},"product_brand":[],"product_cat":[508],"product_tag":[],"berocket_brand":[509],"class_list":{"0":"post-15426","1":"product","2":"type-product","3":"status-publish","4":"has-post-thumbnail","6":"product_cat-phk-cia-de-danca","7":"berocket_brand-phk","9":"entry","10":"has-media","12":"first","13":"instock","14":"shipping-taxable","15":"purchasable","16":"product-type-variable","17":"col","18":"span_1_of_3","19":"owp-content-center","20":"owp-thumbs-layout-horizontal","21":"owp-btn-big","22":"owp-tabs-layout-horizontal","23":"has-no-thumbnails"},"jetpack_sharing_enabled":true,"_links":{"self":[{"href":"https:\/\/mikafolica.com.br\/wp\/wp-json\/wp\/v2\/product\/15426","targetHints":{"allow":["GET"]}}],"collection":[{"href":"https:\/\/mikafolica.com.br\/wp\/wp-json\/wp\/v2\/product"}],"about":[{"href":"https:\/\/mikafolica.com.br\/wp\/wp-json\/wp\/v2\/types\/product"}],"wp:featuredmedia":[{"embeddable":true,"href":"https:\/\/mikafolica.com.br\/wp\/wp-json\/wp\/v2\/media\/15639"}],"wp:attachment":[{"href":"https:\/\/mikafolica.com.br\/wp\/wp-json\/wp\/v2\/media?parent=15426"}],"wp:term":[{"taxonomy":"product_brand","embeddable":true,"href":"https:\/\/mikafolica.com.br\/wp\/wp-json\/wp\/v2\/product_brand?post=15426"},{"taxonomy":"product_cat","embeddable":true,"href":"https:\/\/mikafolica.com.br\/wp\/wp-json\/wp\/v2\/product_cat?post=15426"},{"taxonomy":"product_tag","embeddable":true,"href":"https:\/\/mikafolica.com.br\/wp\/wp-json\/wp\/v2\/product_tag?post=15426"},{"taxonomy":"berocket_brand","embeddable":true,"href":"https:\/\/mikafolica.com.br\/wp\/wp-json\/wp\/v2\/berocket_brand?post=15426"}],"curies":[{"name":"wp","href":"https:\/\/api.w.org\/{rel}","templated":true}]}}