{"id":15500,"date":"2025-04-28T09:48:47","date_gmt":"2025-04-28T12:48:47","guid":{"rendered":"https:\/\/mikafolica.com.br\/wp\/?post_type=product&#038;p=15500"},"modified":"2026-01-05T14:54:08","modified_gmt":"2026-01-05T17:54:08","slug":"camiseta-manga-curta-tradicional-phk","status":"publish","type":"product","link":"https:\/\/mikafolica.com.br\/wp\/produto\/camiseta-manga-curta-tradicional-phk\/","title":{"rendered":"Camiseta Manga Curta Tradicional PHK"},"content":{"rendered":"<p>Camiseta Manga Curta Tradicional PHK<\/p>\n","protected":false},"excerpt":{"rendered":"<p>Com um suave toque na pele que conquista todo tipo de esportista e uma modelagem slim, a Camiseta Manga Curta \u00e9 uma pe\u00e7a que sai do b\u00e1sico.<br \/>\nConfeccionada em tecido Dry Sport que oferece conforto e durabilidade combinando estilo e praticidade.<br \/>\nTrata-se de um tecido de f\u00e1cil cuidado, t\u00e9rmico, antiodor, com prote\u00e7\u00e3o UV e secagem natural r\u00e1pida.<br \/>\n\u00c9 100% sublimada no design selecionado pela escola.<\/p>\n","protected":false},"featured_media":0,"template":"","meta":{"_themeisle_gutenberg_block_has_review":false},"product_brand":[],"product_cat":[508],"product_tag":[],"berocket_brand":[509],"class_list":{"0":"post-15500","1":"product","2":"type-product","3":"status-publish","5":"product_cat-phk-cia-de-danca","6":"berocket_brand-phk","8":"entry","10":"first","11":"instock","12":"featured","13":"shipping-taxable","14":"purchasable","15":"product-type-variable","16":"col","17":"span_1_of_3","18":"owp-content-center","19":"owp-thumbs-layout-horizontal","20":"owp-btn-big","21":"owp-tabs-layout-horizontal","22":"has-no-thumbnails"},"jetpack_sharing_enabled":true,"_links":{"self":[{"href":"https:\/\/mikafolica.com.br\/wp\/wp-json\/wp\/v2\/product\/15500","targetHints":{"allow":["GET"]}}],"collection":[{"href":"https:\/\/mikafolica.com.br\/wp\/wp-json\/wp\/v2\/product"}],"about":[{"href":"https:\/\/mikafolica.com.br\/wp\/wp-json\/wp\/v2\/types\/product"}],"wp:attachment":[{"href":"https:\/\/mikafolica.com.br\/wp\/wp-json\/wp\/v2\/media?parent=15500"}],"wp:term":[{"taxonomy":"product_brand","embeddable":true,"href":"https:\/\/mikafolica.com.br\/wp\/wp-json\/wp\/v2\/product_brand?post=15500"},{"taxonomy":"product_cat","embeddable":true,"href":"https:\/\/mikafolica.com.br\/wp\/wp-json\/wp\/v2\/product_cat?post=15500"},{"taxonomy":"product_tag","embeddable":true,"href":"https:\/\/mikafolica.com.br\/wp\/wp-json\/wp\/v2\/product_tag?post=15500"},{"taxonomy":"berocket_brand","embeddable":true,"href":"https:\/\/mikafolica.com.br\/wp\/wp-json\/wp\/v2\/berocket_brand?post=15500"}],"curies":[{"name":"wp","href":"https:\/\/api.w.org\/{rel}","templated":true}]}}