{"id":15512,"date":"2025-04-28T09:50:46","date_gmt":"2025-04-28T12:50:46","guid":{"rendered":"https:\/\/mikafolica.com.br\/wp\/?post_type=product&#038;p=15512"},"modified":"2026-01-05T14:54:11","modified_gmt":"2026-01-05T17:54:11","slug":"camiseta-regata-atleta-phk","status":"publish","type":"product","link":"https:\/\/mikafolica.com.br\/wp\/produto\/camiseta-regata-atleta-phk\/","title":{"rendered":"Camiseta Regata Atleta PHK"},"content":{"rendered":"<p>Camiseta Regata Atleta PHK<\/p>\n","protected":false},"excerpt":{"rendered":"<p>Com um suave toque na pele que conquista todo tipo de esportista e uma modelagem slim com gola redonda, a Camiseta Regata \u00e9 uma pe\u00e7a que sai do b\u00e1sico.<br \/>\nConfeccionada em tecido Dry Sport que oferece conforto e durabilidade combinando estilo e praticidade.<br \/>\nTrata-se de um tecido de f\u00e1cil cuidado, t\u00e9rmico, antiodor, com prote\u00e7\u00e3o UV e secagem natural r\u00e1pida.<br \/>\n\u00c9 100% sublimada no design selecionado pela escola.<\/p>\n","protected":false},"featured_media":15635,"template":"","meta":{"_themeisle_gutenberg_block_has_review":false},"product_brand":[],"product_cat":[508],"product_tag":[],"berocket_brand":[509],"class_list":{"0":"post-15512","1":"product","2":"type-product","3":"status-publish","4":"has-post-thumbnail","6":"product_cat-phk-cia-de-danca","7":"berocket_brand-phk","9":"entry","10":"has-media","12":"first","13":"instock","14":"featured","15":"shipping-taxable","16":"purchasable","17":"product-type-variable","18":"col","19":"span_1_of_3","20":"owp-content-center","21":"owp-thumbs-layout-horizontal","22":"owp-btn-big","23":"owp-tabs-layout-horizontal"},"jetpack_sharing_enabled":true,"_links":{"self":[{"href":"https:\/\/mikafolica.com.br\/wp\/wp-json\/wp\/v2\/product\/15512","targetHints":{"allow":["GET"]}}],"collection":[{"href":"https:\/\/mikafolica.com.br\/wp\/wp-json\/wp\/v2\/product"}],"about":[{"href":"https:\/\/mikafolica.com.br\/wp\/wp-json\/wp\/v2\/types\/product"}],"wp:featuredmedia":[{"embeddable":true,"href":"https:\/\/mikafolica.com.br\/wp\/wp-json\/wp\/v2\/media\/15635"}],"wp:attachment":[{"href":"https:\/\/mikafolica.com.br\/wp\/wp-json\/wp\/v2\/media?parent=15512"}],"wp:term":[{"taxonomy":"product_brand","embeddable":true,"href":"https:\/\/mikafolica.com.br\/wp\/wp-json\/wp\/v2\/product_brand?post=15512"},{"taxonomy":"product_cat","embeddable":true,"href":"https:\/\/mikafolica.com.br\/wp\/wp-json\/wp\/v2\/product_cat?post=15512"},{"taxonomy":"product_tag","embeddable":true,"href":"https:\/\/mikafolica.com.br\/wp\/wp-json\/wp\/v2\/product_tag?post=15512"},{"taxonomy":"berocket_brand","embeddable":true,"href":"https:\/\/mikafolica.com.br\/wp\/wp-json\/wp\/v2\/berocket_brand?post=15512"}],"curies":[{"name":"wp","href":"https:\/\/api.w.org\/{rel}","templated":true}]}}