{"id":16544,"date":"2025-06-10T10:41:12","date_gmt":"2025-06-10T13:41:12","guid":{"rendered":"https:\/\/mikafolica.com.br\/wp\/?post_type=product&#038;p=16544"},"modified":"2026-01-09T14:57:12","modified_gmt":"2026-01-09T17:57:12","slug":"top-nadador-say-patinacao-artistica","status":"publish","type":"product","link":"https:\/\/mikafolica.com.br\/wp\/produto\/top-nadador-say-patinacao-artistica\/","title":{"rendered":"Top Fitness Nadador Say Patina\u00e7\u00e3o Art\u00edstica"},"content":{"rendered":"<p>Top Fitness Nadador Say Patina\u00e7\u00e3o Art\u00edstica<\/p>\n","protected":false},"excerpt":{"rendered":"<p>Com toque macio e modelagem alongada, o Top Fitness Nadador \u00e9 a escolha ideal para quem busca conforto e liberdade nos movimentos.<br \/>\n100% sublimado no design selecionado pela escola, possui forro na frente e nas costas, al\u00e9m de decote nadador nas costas. Sem bojo. Indicado para treinos de baixo impacto.<\/p>\n","protected":false},"featured_media":16926,"template":"","meta":{"_themeisle_gutenberg_block_has_review":false},"product_brand":[],"product_cat":[711],"product_tag":[],"berocket_brand":[712],"class_list":{"0":"post-16544","1":"product","2":"type-product","3":"status-publish","4":"has-post-thumbnail","6":"product_cat-say-patinacao-artistica","7":"berocket_brand-say-patinacao-artistica","9":"entry","10":"has-media","12":"first","13":"instock","14":"featured","15":"shipping-taxable","16":"purchasable","17":"product-type-variable","18":"col","19":"span_1_of_3","20":"owp-content-center","21":"owp-thumbs-layout-horizontal","22":"owp-btn-big","23":"owp-tabs-layout-horizontal","24":"has-no-thumbnails"},"jetpack_sharing_enabled":true,"_links":{"self":[{"href":"https:\/\/mikafolica.com.br\/wp\/wp-json\/wp\/v2\/product\/16544","targetHints":{"allow":["GET"]}}],"collection":[{"href":"https:\/\/mikafolica.com.br\/wp\/wp-json\/wp\/v2\/product"}],"about":[{"href":"https:\/\/mikafolica.com.br\/wp\/wp-json\/wp\/v2\/types\/product"}],"wp:featuredmedia":[{"embeddable":true,"href":"https:\/\/mikafolica.com.br\/wp\/wp-json\/wp\/v2\/media\/16926"}],"wp:attachment":[{"href":"https:\/\/mikafolica.com.br\/wp\/wp-json\/wp\/v2\/media?parent=16544"}],"wp:term":[{"taxonomy":"product_brand","embeddable":true,"href":"https:\/\/mikafolica.com.br\/wp\/wp-json\/wp\/v2\/product_brand?post=16544"},{"taxonomy":"product_cat","embeddable":true,"href":"https:\/\/mikafolica.com.br\/wp\/wp-json\/wp\/v2\/product_cat?post=16544"},{"taxonomy":"product_tag","embeddable":true,"href":"https:\/\/mikafolica.com.br\/wp\/wp-json\/wp\/v2\/product_tag?post=16544"},{"taxonomy":"berocket_brand","embeddable":true,"href":"https:\/\/mikafolica.com.br\/wp\/wp-json\/wp\/v2\/berocket_brand?post=16544"}],"curies":[{"name":"wp","href":"https:\/\/api.w.org\/{rel}","templated":true}]}}