{"id":19656,"date":"2025-12-18T14:33:32","date_gmt":"2025-12-18T17:33:32","guid":{"rendered":"https:\/\/mikafolica.com.br\/wp\/?post_type=product&#038;p=19656"},"modified":"2026-01-28T16:15:32","modified_gmt":"2026-01-28T19:15:32","slug":"saia-de-ballet-plissada-primary-karen-righetto","status":"publish","type":"product","link":"https:\/\/mikafolica.com.br\/wp\/produto\/saia-de-ballet-plissada-primary-karen-righetto\/","title":{"rendered":"Saia Bailarina Plissada Primary Karen Righetto (obrigat\u00f3rio)"},"content":{"rendered":"<p>Saia Bailarina Plissada Primary Karen Righetto<\/p>\n","protected":false},"excerpt":{"rendered":"<p>A Saia Bailarina Plissada Primary \u00e9 confeccionada em voil, possui el\u00e1stico na cintura e comprimento pr\u00f3ximo \u00e0 altura do joelho.<br \/>\nSua modelagem oferece extremo conforto, frescor e liberdade de movimentos.<\/p>\n","protected":false},"featured_media":19662,"template":"","meta":{"_themeisle_gutenberg_block_has_review":false},"product_brand":[],"product_cat":[493],"product_tag":[],"berocket_brand":[75],"class_list":{"0":"post-19656","1":"product","2":"type-product","3":"status-publish","4":"has-post-thumbnail","6":"product_cat-karen-righetto-ballet","7":"berocket_brand-karen-righetto-ballet","9":"entry","10":"has-media","12":"first","13":"instock","14":"shipping-taxable","15":"purchasable","16":"product-type-variable","17":"col","18":"span_1_of_3","19":"owp-content-center","20":"owp-thumbs-layout-horizontal","21":"owp-btn-big","22":"owp-tabs-layout-horizontal","23":"has-no-thumbnails"},"jetpack_sharing_enabled":true,"_links":{"self":[{"href":"https:\/\/mikafolica.com.br\/wp\/wp-json\/wp\/v2\/product\/19656","targetHints":{"allow":["GET"]}}],"collection":[{"href":"https:\/\/mikafolica.com.br\/wp\/wp-json\/wp\/v2\/product"}],"about":[{"href":"https:\/\/mikafolica.com.br\/wp\/wp-json\/wp\/v2\/types\/product"}],"wp:featuredmedia":[{"embeddable":true,"href":"https:\/\/mikafolica.com.br\/wp\/wp-json\/wp\/v2\/media\/19662"}],"wp:attachment":[{"href":"https:\/\/mikafolica.com.br\/wp\/wp-json\/wp\/v2\/media?parent=19656"}],"wp:term":[{"taxonomy":"product_brand","embeddable":true,"href":"https:\/\/mikafolica.com.br\/wp\/wp-json\/wp\/v2\/product_brand?post=19656"},{"taxonomy":"product_cat","embeddable":true,"href":"https:\/\/mikafolica.com.br\/wp\/wp-json\/wp\/v2\/product_cat?post=19656"},{"taxonomy":"product_tag","embeddable":true,"href":"https:\/\/mikafolica.com.br\/wp\/wp-json\/wp\/v2\/product_tag?post=19656"},{"taxonomy":"berocket_brand","embeddable":true,"href":"https:\/\/mikafolica.com.br\/wp\/wp-json\/wp\/v2\/berocket_brand?post=19656"}],"curies":[{"name":"wp","href":"https:\/\/api.w.org\/{rel}","templated":true}]}}