{"id":19759,"date":"2025-12-22T12:52:43","date_gmt":"2025-12-22T15:52:43","guid":{"rendered":"https:\/\/mikafolica.com.br\/wp\/?post_type=product&#038;p=19759"},"modified":"2026-01-12T09:55:43","modified_gmt":"2026-01-12T12:55:43","slug":"shorts-saia-maria-cacko","status":"publish","type":"product","link":"https:\/\/mikafolica.com.br\/wp\/produto\/shorts-saia-maria-cacko\/","title":{"rendered":"Saia com Shorts Maria Cacko"},"content":{"rendered":"<p>Saia com Shorts Maria Cacko<\/p>\n","protected":false},"excerpt":{"rendered":"<p>A Saia com Shorts une mobilidade e estilo para a pr\u00e1tica esportiva.<br \/>\n\u00c9 confeccionado em Lycra Lessy Santa Const\u00e2ncia, com modelagem da saia em semi god\u00ea, que garante liberdade de movimentos.<br \/>\nO shorts interno \u00e9 em Suplex de m\u00e9dia compress\u00e3o, funcional e confort\u00e1vel.<br \/>\nPossui c\u00f3s em Suplex. \u00c9 100% sublimada no design selecionado pela escola.<\/p>\n","protected":false},"featured_media":19790,"template":"","meta":{"_themeisle_gutenberg_block_has_review":false},"product_brand":[],"product_cat":[494],"product_tag":[],"berocket_brand":[375],"class_list":{"0":"post-19759","1":"product","2":"type-product","3":"status-publish","4":"has-post-thumbnail","6":"product_cat-maria-cacko-ballet-infantil","7":"berocket_brand-maria-cacko","9":"entry","10":"has-media","12":"first","13":"instock","14":"featured","15":"shipping-taxable","16":"purchasable","17":"product-type-variable","18":"col","19":"span_1_of_3","20":"owp-content-center","21":"owp-thumbs-layout-horizontal","22":"owp-btn-big","23":"owp-tabs-layout-horizontal","24":"has-no-thumbnails"},"jetpack_sharing_enabled":true,"_links":{"self":[{"href":"https:\/\/mikafolica.com.br\/wp\/wp-json\/wp\/v2\/product\/19759","targetHints":{"allow":["GET"]}}],"collection":[{"href":"https:\/\/mikafolica.com.br\/wp\/wp-json\/wp\/v2\/product"}],"about":[{"href":"https:\/\/mikafolica.com.br\/wp\/wp-json\/wp\/v2\/types\/product"}],"wp:featuredmedia":[{"embeddable":true,"href":"https:\/\/mikafolica.com.br\/wp\/wp-json\/wp\/v2\/media\/19790"}],"wp:attachment":[{"href":"https:\/\/mikafolica.com.br\/wp\/wp-json\/wp\/v2\/media?parent=19759"}],"wp:term":[{"taxonomy":"product_brand","embeddable":true,"href":"https:\/\/mikafolica.com.br\/wp\/wp-json\/wp\/v2\/product_brand?post=19759"},{"taxonomy":"product_cat","embeddable":true,"href":"https:\/\/mikafolica.com.br\/wp\/wp-json\/wp\/v2\/product_cat?post=19759"},{"taxonomy":"product_tag","embeddable":true,"href":"https:\/\/mikafolica.com.br\/wp\/wp-json\/wp\/v2\/product_tag?post=19759"},{"taxonomy":"berocket_brand","embeddable":true,"href":"https:\/\/mikafolica.com.br\/wp\/wp-json\/wp\/v2\/berocket_brand?post=19759"}],"curies":[{"name":"wp","href":"https:\/\/api.w.org\/{rel}","templated":true}]}}