{"id":21941,"date":"2026-01-13T17:56:39","date_gmt":"2026-01-13T20:56:39","guid":{"rendered":"https:\/\/mikafolica.com.br\/wp\/?post_type=product&#038;p=21941"},"modified":"2026-02-10T13:47:43","modified_gmt":"2026-02-10T16:47:43","slug":"collant-sem-saia-fitclass","status":"publish","type":"product","link":"https:\/\/mikafolica.com.br\/wp\/produto\/collant-sem-saia-fitclass\/","title":{"rendered":"Collant sem Saia FitClass"},"content":{"rendered":"<p>Collant sem saia FitClass, em tecido especial.<\/p>\n<ul>\n<li>Personalizado<\/li>\n<li>Forrado<\/li>\n<\/ul>\n","protected":false},"excerpt":{"rendered":"<p>O Collant sem Saia \u00e9 confeccionado em tecido leve extremamente confort\u00e1vel, com 10% de elastano e toque extremamente suave.<br \/>\nPossui manga regata e el\u00e1stico em todas as cavas e decotes, o que contribui para o caimento e durabilidade da pe\u00e7a.<br \/>\nO forro na cor bege est\u00e1 presente na frente e nas costas, desenvolvido com tecido com prote\u00e7\u00e3o UV.<br \/>\n\u00c9 100% sublimado no design selecionado pela escola.<\/p>\n","protected":false},"featured_media":22602,"template":"","meta":{"_themeisle_gutenberg_block_has_review":false},"product_brand":[],"product_cat":[778],"product_tag":[],"berocket_brand":[779],"class_list":{"0":"post-21941","1":"product","2":"type-product","3":"status-publish","4":"has-post-thumbnail","6":"product_cat-fitclass","7":"berocket_brand-fitclass","9":"entry","10":"has-media","12":"first","13":"instock","14":"shipping-taxable","15":"purchasable","16":"product-type-variable","17":"col","18":"span_1_of_3","19":"owp-content-center","20":"owp-thumbs-layout-horizontal","21":"owp-btn-big","22":"owp-tabs-layout-horizontal"},"jetpack_sharing_enabled":true,"_links":{"self":[{"href":"https:\/\/mikafolica.com.br\/wp\/wp-json\/wp\/v2\/product\/21941","targetHints":{"allow":["GET"]}}],"collection":[{"href":"https:\/\/mikafolica.com.br\/wp\/wp-json\/wp\/v2\/product"}],"about":[{"href":"https:\/\/mikafolica.com.br\/wp\/wp-json\/wp\/v2\/types\/product"}],"wp:featuredmedia":[{"embeddable":true,"href":"https:\/\/mikafolica.com.br\/wp\/wp-json\/wp\/v2\/media\/22602"}],"wp:attachment":[{"href":"https:\/\/mikafolica.com.br\/wp\/wp-json\/wp\/v2\/media?parent=21941"}],"wp:term":[{"taxonomy":"product_brand","embeddable":true,"href":"https:\/\/mikafolica.com.br\/wp\/wp-json\/wp\/v2\/product_brand?post=21941"},{"taxonomy":"product_cat","embeddable":true,"href":"https:\/\/mikafolica.com.br\/wp\/wp-json\/wp\/v2\/product_cat?post=21941"},{"taxonomy":"product_tag","embeddable":true,"href":"https:\/\/mikafolica.com.br\/wp\/wp-json\/wp\/v2\/product_tag?post=21941"},{"taxonomy":"berocket_brand","embeddable":true,"href":"https:\/\/mikafolica.com.br\/wp\/wp-json\/wp\/v2\/berocket_brand?post=21941"}],"curies":[{"name":"wp","href":"https:\/\/api.w.org\/{rel}","templated":true}]}}