{"id":22246,"date":"2026-01-19T15:48:30","date_gmt":"2026-01-19T18:48:30","guid":{"rendered":"https:\/\/mikafolica.com.br\/wp\/?post_type=product&#038;p=22246"},"modified":"2026-02-23T16:17:16","modified_gmt":"2026-02-23T19:17:16","slug":"collant-com-saia-para-ballet-certus","status":"publish","type":"product","link":"https:\/\/mikafolica.com.br\/wp\/produto\/collant-com-saia-para-ballet-certus\/","title":{"rendered":"Collant sem Saia para Ballet Certus"},"content":{"rendered":"","protected":false},"excerpt":{"rendered":"<p>O Collant sem Saia \u00e9 confeccionado em tecido leve extremamente confort\u00e1vel, com 10% de elastano e toque extremamente suave.<br \/>\nPossui manga regata e el\u00e1stico em todas as cavas e decotes, o que contribui para o caimento e durabilidade da pe\u00e7a.<br \/>\nO forro na cor bege est\u00e1 presente na frente e nas costas, desenvolvido com tecido com prote\u00e7\u00e3o UV.<br \/>\n\u00c9 100% sublimado no design selecionado pela escola.<\/p>\n","protected":false},"featured_media":23997,"template":"","meta":{"_themeisle_gutenberg_block_has_review":false},"product_brand":[],"product_cat":[817],"product_tag":[],"berocket_brand":[818],"class_list":{"0":"post-22246","1":"product","2":"type-product","3":"status-publish","4":"has-post-thumbnail","6":"product_cat-certus","7":"berocket_brand-certus","9":"entry","10":"has-media","12":"first","13":"instock","14":"shipping-taxable","15":"purchasable","16":"product-type-variable","17":"col","18":"span_1_of_3","19":"owp-content-center","20":"owp-thumbs-layout-horizontal","21":"owp-btn-big","22":"owp-tabs-layout-horizontal","23":"has-no-thumbnails"},"jetpack_sharing_enabled":true,"_links":{"self":[{"href":"https:\/\/mikafolica.com.br\/wp\/wp-json\/wp\/v2\/product\/22246","targetHints":{"allow":["GET"]}}],"collection":[{"href":"https:\/\/mikafolica.com.br\/wp\/wp-json\/wp\/v2\/product"}],"about":[{"href":"https:\/\/mikafolica.com.br\/wp\/wp-json\/wp\/v2\/types\/product"}],"wp:featuredmedia":[{"embeddable":true,"href":"https:\/\/mikafolica.com.br\/wp\/wp-json\/wp\/v2\/media\/23997"}],"wp:attachment":[{"href":"https:\/\/mikafolica.com.br\/wp\/wp-json\/wp\/v2\/media?parent=22246"}],"wp:term":[{"taxonomy":"product_brand","embeddable":true,"href":"https:\/\/mikafolica.com.br\/wp\/wp-json\/wp\/v2\/product_brand?post=22246"},{"taxonomy":"product_cat","embeddable":true,"href":"https:\/\/mikafolica.com.br\/wp\/wp-json\/wp\/v2\/product_cat?post=22246"},{"taxonomy":"product_tag","embeddable":true,"href":"https:\/\/mikafolica.com.br\/wp\/wp-json\/wp\/v2\/product_tag?post=22246"},{"taxonomy":"berocket_brand","embeddable":true,"href":"https:\/\/mikafolica.com.br\/wp\/wp-json\/wp\/v2\/berocket_brand?post=22246"}],"curies":[{"name":"wp","href":"https:\/\/api.w.org\/{rel}","templated":true}]}}