{"id":22896,"date":"2026-02-04T16:42:59","date_gmt":"2026-02-04T19:42:59","guid":{"rendered":"https:\/\/mikafolica.com.br\/wp\/?post_type=product&#038;p=22896"},"modified":"2026-02-06T12:58:43","modified_gmt":"2026-02-06T15:58:43","slug":"camiseta-manga-curta-soccer-team-golden-tigers","status":"publish","type":"product","link":"https:\/\/mikafolica.com.br\/wp\/produto\/camiseta-manga-curta-soccer-team-golden-tigers\/","title":{"rendered":"Uniforme com 2 Camisetas Manga Curta Soccer Team Golden Tigers"},"content":{"rendered":"<p>Camiseta Manga Curta Soccer<\/p>\n","protected":false},"excerpt":{"rendered":"<p><span style=\"color: #ff0000;\"><strong>Produto personalizado para voc\u00ea! N\u00e3o aceitamos trocas. Consulte a tabela de tamanhos.<\/strong><\/span><\/p>\n<p>Uniforme composto por uma camiseta com fundo branco e uma camiseta com fundo vermelho.<\/p>\n<p>Com um suave toque na pele que conquista todo tipo de esportista e uma modelagem slim, a Camiseta Manga Curta \u00e9 uma pe\u00e7a que sai do b\u00e1sico.<br \/>\nConfeccionada em tecido Dry Sport que oferece conforto e durabilidade combinando estilo e praticidade.<br \/>\nTrata-se de um tecido de f\u00e1cil cuidado, t\u00e9rmico, antiodor, com prote\u00e7\u00e3o UV e secagem natural r\u00e1pida.<br \/>\n\u00c9 100% sublimada no design selecionado pela escola.<\/p>\n","protected":false},"featured_media":23659,"template":"","meta":{"_themeisle_gutenberg_block_has_review":false},"product_brand":[],"product_cat":[677],"product_tag":[],"berocket_brand":[678],"class_list":{"0":"post-22896","1":"product","2":"type-product","3":"status-publish","4":"has-post-thumbnail","6":"product_cat-tigrinhos-golden-tigers","7":"berocket_brand-tigrinhos-golden-tigers","9":"entry","10":"has-media","12":"first","13":"instock","14":"featured","15":"shipping-taxable","16":"purchasable","17":"product-type-variable","18":"col","19":"span_1_of_3","20":"owp-content-center","21":"owp-thumbs-layout-horizontal","22":"owp-btn-big","23":"owp-tabs-layout-horizontal"},"jetpack_sharing_enabled":true,"_links":{"self":[{"href":"https:\/\/mikafolica.com.br\/wp\/wp-json\/wp\/v2\/product\/22896","targetHints":{"allow":["GET"]}}],"collection":[{"href":"https:\/\/mikafolica.com.br\/wp\/wp-json\/wp\/v2\/product"}],"about":[{"href":"https:\/\/mikafolica.com.br\/wp\/wp-json\/wp\/v2\/types\/product"}],"wp:featuredmedia":[{"embeddable":true,"href":"https:\/\/mikafolica.com.br\/wp\/wp-json\/wp\/v2\/media\/23659"}],"wp:attachment":[{"href":"https:\/\/mikafolica.com.br\/wp\/wp-json\/wp\/v2\/media?parent=22896"}],"wp:term":[{"taxonomy":"product_brand","embeddable":true,"href":"https:\/\/mikafolica.com.br\/wp\/wp-json\/wp\/v2\/product_brand?post=22896"},{"taxonomy":"product_cat","embeddable":true,"href":"https:\/\/mikafolica.com.br\/wp\/wp-json\/wp\/v2\/product_cat?post=22896"},{"taxonomy":"product_tag","embeddable":true,"href":"https:\/\/mikafolica.com.br\/wp\/wp-json\/wp\/v2\/product_tag?post=22896"},{"taxonomy":"berocket_brand","embeddable":true,"href":"https:\/\/mikafolica.com.br\/wp\/wp-json\/wp\/v2\/berocket_brand?post=22896"}],"curies":[{"name":"wp","href":"https:\/\/api.w.org\/{rel}","templated":true}]}}