{"id":23198,"date":"2026-02-04T17:11:49","date_gmt":"2026-02-04T20:11:49","guid":{"rendered":"https:\/\/mikafolica.com.br\/wp\/?post_type=product&#038;p=23198"},"modified":"2026-02-05T19:34:38","modified_gmt":"2026-02-05T22:34:38","slug":"shorts-justo-golden-tigers","status":"publish","type":"product","link":"https:\/\/mikafolica.com.br\/wp\/produto\/shorts-justo-golden-tigers\/","title":{"rendered":"Shorts Justo Golden Tigers"},"content":{"rendered":"<p>Shorts Justo Golden Tigers<\/p>\n","protected":false},"excerpt":{"rendered":"<p>O Shorts Justo foi desenvolvido para oferecer conforto e performance em diferentes modalidades esportivas.<br \/>\nCom comprimento mais curto, proporciona liberdade total aos movimentos, enquanto o tecido em Suplex de compress\u00e3o moderada garante sustenta\u00e7\u00e3o e firmeza.<br \/>\n\u00c9 100% sublimado no design selecionado pela escola.<\/p>\n","protected":false},"featured_media":23623,"template":"","meta":{"_themeisle_gutenberg_block_has_review":false},"product_brand":[],"product_cat":[677],"product_tag":[],"berocket_brand":[678],"class_list":{"0":"post-23198","1":"product","2":"type-product","3":"status-publish","4":"has-post-thumbnail","6":"product_cat-tigrinhos-golden-tigers","7":"berocket_brand-tigrinhos-golden-tigers","9":"entry","10":"has-media","12":"first","13":"instock","14":"featured","15":"shipping-taxable","16":"purchasable","17":"product-type-variable","18":"col","19":"span_1_of_3","20":"owp-content-center","21":"owp-thumbs-layout-horizontal","22":"owp-btn-big","23":"owp-tabs-layout-horizontal","24":"has-no-thumbnails"},"jetpack_sharing_enabled":true,"_links":{"self":[{"href":"https:\/\/mikafolica.com.br\/wp\/wp-json\/wp\/v2\/product\/23198","targetHints":{"allow":["GET"]}}],"collection":[{"href":"https:\/\/mikafolica.com.br\/wp\/wp-json\/wp\/v2\/product"}],"about":[{"href":"https:\/\/mikafolica.com.br\/wp\/wp-json\/wp\/v2\/types\/product"}],"wp:featuredmedia":[{"embeddable":true,"href":"https:\/\/mikafolica.com.br\/wp\/wp-json\/wp\/v2\/media\/23623"}],"wp:attachment":[{"href":"https:\/\/mikafolica.com.br\/wp\/wp-json\/wp\/v2\/media?parent=23198"}],"wp:term":[{"taxonomy":"product_brand","embeddable":true,"href":"https:\/\/mikafolica.com.br\/wp\/wp-json\/wp\/v2\/product_brand?post=23198"},{"taxonomy":"product_cat","embeddable":true,"href":"https:\/\/mikafolica.com.br\/wp\/wp-json\/wp\/v2\/product_cat?post=23198"},{"taxonomy":"product_tag","embeddable":true,"href":"https:\/\/mikafolica.com.br\/wp\/wp-json\/wp\/v2\/product_tag?post=23198"},{"taxonomy":"berocket_brand","embeddable":true,"href":"https:\/\/mikafolica.com.br\/wp\/wp-json\/wp\/v2\/berocket_brand?post=23198"}],"curies":[{"name":"wp","href":"https:\/\/api.w.org\/{rel}","templated":true}]}}