{"id":23394,"date":"2026-02-05T13:15:34","date_gmt":"2026-02-05T16:15:34","guid":{"rendered":"https:\/\/mikafolica.com.br\/wp\/?post_type=product&#038;p=23394"},"modified":"2026-03-02T16:32:14","modified_gmt":"2026-03-02T19:32:14","slug":"calca-jogger-com-cordao-instituto-vivarte","status":"publish","type":"product","link":"https:\/\/mikafolica.com.br\/wp\/produto\/calca-jogger-com-cordao-instituto-vivarte\/","title":{"rendered":"Cal\u00e7a Jogger Instituto Vivarte"},"content":{"rendered":"<p>Cal\u00e7a Jogger com Cord\u00e3o Instituto Vivarte<\/p>\n","protected":false},"excerpt":{"rendered":"<p>A Cal\u00e7a Jogger em microfibra com elastano, tem modelagem reta e \u00e9 perfeita para esportes. Seu elastano permite mobilidade e versatilidade de forma confort\u00e1vel, al\u00e9m de \u00f3timo caimento.<br \/>\n\u00c9 confeccionada com c\u00f3s largo, cord\u00e3o de algod\u00e3o e detalhe de ilh\u00f3s. A cal\u00e7a tamb\u00e9m possui bolsos laterais.<br \/>\n\u00c9 100% sublimado no design selecionado pela escola.<\/p>\n","protected":false},"featured_media":24093,"template":"","meta":{"_themeisle_gutenberg_block_has_review":false},"product_brand":[],"product_cat":[837],"product_tag":[],"berocket_brand":[838],"class_list":{"0":"post-23394","1":"product","2":"type-product","3":"status-publish","4":"has-post-thumbnail","6":"product_cat-instituto-vivarte","7":"berocket_brand-instituto-vivarte","9":"entry","10":"has-media","12":"first","13":"instock","14":"featured","15":"shipping-taxable","16":"purchasable","17":"product-type-variable","18":"col","19":"span_1_of_3","20":"owp-content-center","21":"owp-thumbs-layout-horizontal","22":"owp-btn-big","23":"owp-tabs-layout-horizontal","24":"has-no-thumbnails"},"jetpack_sharing_enabled":true,"_links":{"self":[{"href":"https:\/\/mikafolica.com.br\/wp\/wp-json\/wp\/v2\/product\/23394","targetHints":{"allow":["GET"]}}],"collection":[{"href":"https:\/\/mikafolica.com.br\/wp\/wp-json\/wp\/v2\/product"}],"about":[{"href":"https:\/\/mikafolica.com.br\/wp\/wp-json\/wp\/v2\/types\/product"}],"wp:featuredmedia":[{"embeddable":true,"href":"https:\/\/mikafolica.com.br\/wp\/wp-json\/wp\/v2\/media\/24093"}],"wp:attachment":[{"href":"https:\/\/mikafolica.com.br\/wp\/wp-json\/wp\/v2\/media?parent=23394"}],"wp:term":[{"taxonomy":"product_brand","embeddable":true,"href":"https:\/\/mikafolica.com.br\/wp\/wp-json\/wp\/v2\/product_brand?post=23394"},{"taxonomy":"product_cat","embeddable":true,"href":"https:\/\/mikafolica.com.br\/wp\/wp-json\/wp\/v2\/product_cat?post=23394"},{"taxonomy":"product_tag","embeddable":true,"href":"https:\/\/mikafolica.com.br\/wp\/wp-json\/wp\/v2\/product_tag?post=23394"},{"taxonomy":"berocket_brand","embeddable":true,"href":"https:\/\/mikafolica.com.br\/wp\/wp-json\/wp\/v2\/berocket_brand?post=23394"}],"curies":[{"name":"wp","href":"https:\/\/api.w.org\/{rel}","templated":true}]}}