{"id":24643,"date":"2026-03-10T10:35:32","date_gmt":"2026-03-10T13:35:32","guid":{"rendered":"https:\/\/mikafolica.com.br\/wp\/?post_type=product&#038;p=24643"},"modified":"2026-03-10T11:37:40","modified_gmt":"2026-03-10T14:37:40","slug":"collant-ginastica-artistica-lumiere","status":"publish","type":"product","link":"https:\/\/mikafolica.com.br\/wp\/produto\/collant-ginastica-artistica-lumiere\/","title":{"rendered":"Collant Gin\u00e1stica Artistica Lumi\u00e8re"},"content":{"rendered":"<p>Collant Gin\u00e1stica Art\u00edstica Lumiere<\/p>\n","protected":false},"excerpt":{"rendered":"<p>O Collant sem Saia \u00e9 confeccionado em tecido leve extremamente confort\u00e1vel, com 10% de elastano e toque extremamente suave.<br \/>\nPossui manga longa no mesmo tecido do collant e el\u00e1stico em todas as cavas e decotes, o que contribui para o caimento e durabilidade da pe\u00e7a.<br \/>\nO forro na cor bege est\u00e1 presente na frente e nas costas, desenvolvido com tecido com prote\u00e7\u00e3o UV.<br \/>\n\u00c9 100% sublimado no design selecionado pela escola.<\/p>\n","protected":false},"featured_media":24655,"template":"","meta":{"_themeisle_gutenberg_block_has_review":false},"product_brand":[],"product_cat":[848],"product_tag":[],"berocket_brand":[849],"class_list":{"0":"post-24643","1":"product","2":"type-product","3":"status-publish","4":"has-post-thumbnail","6":"product_cat-lumiere","7":"berocket_brand-lumiere","9":"entry","10":"has-media","12":"first","13":"instock","14":"featured","15":"shipping-taxable","16":"purchasable","17":"product-type-variable","18":"col","19":"span_1_of_3","20":"owp-content-center","21":"owp-thumbs-layout-horizontal","22":"owp-btn-big","23":"owp-tabs-layout-horizontal","24":"has-no-thumbnails"},"jetpack_sharing_enabled":true,"_links":{"self":[{"href":"https:\/\/mikafolica.com.br\/wp\/wp-json\/wp\/v2\/product\/24643","targetHints":{"allow":["GET"]}}],"collection":[{"href":"https:\/\/mikafolica.com.br\/wp\/wp-json\/wp\/v2\/product"}],"about":[{"href":"https:\/\/mikafolica.com.br\/wp\/wp-json\/wp\/v2\/types\/product"}],"wp:featuredmedia":[{"embeddable":true,"href":"https:\/\/mikafolica.com.br\/wp\/wp-json\/wp\/v2\/media\/24655"}],"wp:attachment":[{"href":"https:\/\/mikafolica.com.br\/wp\/wp-json\/wp\/v2\/media?parent=24643"}],"wp:term":[{"taxonomy":"product_brand","embeddable":true,"href":"https:\/\/mikafolica.com.br\/wp\/wp-json\/wp\/v2\/product_brand?post=24643"},{"taxonomy":"product_cat","embeddable":true,"href":"https:\/\/mikafolica.com.br\/wp\/wp-json\/wp\/v2\/product_cat?post=24643"},{"taxonomy":"product_tag","embeddable":true,"href":"https:\/\/mikafolica.com.br\/wp\/wp-json\/wp\/v2\/product_tag?post=24643"},{"taxonomy":"berocket_brand","embeddable":true,"href":"https:\/\/mikafolica.com.br\/wp\/wp-json\/wp\/v2\/berocket_brand?post=24643"}],"curies":[{"name":"wp","href":"https:\/\/api.w.org\/{rel}","templated":true}]}}