{"id":25453,"date":"2026-04-06T09:47:04","date_gmt":"2026-04-06T12:47:04","guid":{"rendered":"https:\/\/mikafolica.com.br\/wp\/?post_type=product&#038;p=25453"},"modified":"2026-04-06T16:20:05","modified_gmt":"2026-04-06T19:20:05","slug":"calca-legging-hipica-campinas","status":"publish","type":"product","link":"https:\/\/mikafolica.com.br\/wp\/produto\/calca-legging-hipica-campinas\/","title":{"rendered":"Cal\u00e7a Legging GR H\u00edpica Campinas"},"content":{"rendered":"<p>Cal\u00e7a Legging H\u00edpica Campinas<\/p>\n","protected":false},"excerpt":{"rendered":"<p>As caracter\u00edsticas dessa Cal\u00e7a Legging fazem dela perfeita para o treino. Seu tecido de compress\u00e3o e o c\u00f3s anat\u00f4mico garantem a modelagem da silhueta.<br \/>\nConfeccionada em tecido de Suplex, c\u00f3s largo, sem bolsos.<br \/>\n\u00c9 100% sublimado no design selecionado pela escola.<\/p>\n","protected":false},"featured_media":25465,"template":"","meta":{"_themeisle_gutenberg_block_has_review":false},"product_brand":[],"product_cat":[503],"product_tag":[],"berocket_brand":[501],"class_list":{"0":"post-25453","1":"product","2":"type-product","3":"status-publish","4":"has-post-thumbnail","6":"product_cat-sociedade-hipica-campinas","7":"berocket_brand-sociedade-hipica-campinas","9":"entry","10":"has-media","12":"first","13":"instock","14":"featured","15":"shipping-taxable","16":"purchasable","17":"product-type-variable","18":"col","19":"span_1_of_3","20":"owp-content-center","21":"owp-thumbs-layout-horizontal","22":"owp-btn-big","23":"owp-tabs-layout-horizontal","24":"has-no-thumbnails"},"jetpack_sharing_enabled":true,"_links":{"self":[{"href":"https:\/\/mikafolica.com.br\/wp\/wp-json\/wp\/v2\/product\/25453","targetHints":{"allow":["GET"]}}],"collection":[{"href":"https:\/\/mikafolica.com.br\/wp\/wp-json\/wp\/v2\/product"}],"about":[{"href":"https:\/\/mikafolica.com.br\/wp\/wp-json\/wp\/v2\/types\/product"}],"wp:featuredmedia":[{"embeddable":true,"href":"https:\/\/mikafolica.com.br\/wp\/wp-json\/wp\/v2\/media\/25465"}],"wp:attachment":[{"href":"https:\/\/mikafolica.com.br\/wp\/wp-json\/wp\/v2\/media?parent=25453"}],"wp:term":[{"taxonomy":"product_brand","embeddable":true,"href":"https:\/\/mikafolica.com.br\/wp\/wp-json\/wp\/v2\/product_brand?post=25453"},{"taxonomy":"product_cat","embeddable":true,"href":"https:\/\/mikafolica.com.br\/wp\/wp-json\/wp\/v2\/product_cat?post=25453"},{"taxonomy":"product_tag","embeddable":true,"href":"https:\/\/mikafolica.com.br\/wp\/wp-json\/wp\/v2\/product_tag?post=25453"},{"taxonomy":"berocket_brand","embeddable":true,"href":"https:\/\/mikafolica.com.br\/wp\/wp-json\/wp\/v2\/berocket_brand?post=25453"}],"curies":[{"name":"wp","href":"https:\/\/api.w.org\/{rel}","templated":true}]}}