{"id":25745,"date":"2026-04-06T12:46:47","date_gmt":"2026-04-06T15:46:47","guid":{"rendered":"https:\/\/mikafolica.com.br\/wp\/?post_type=product&#038;p=25745"},"modified":"2026-04-16T13:04:00","modified_gmt":"2026-04-16T16:04:00","slug":"macaquinho-ballet-baby-reverence","status":"publish","type":"product","link":"https:\/\/mikafolica.com.br\/wp\/produto\/macaquinho-ballet-baby-reverence\/","title":{"rendered":"Macaquinho Ballet Baby R\u00e9v\u00e9rence"},"content":{"rendered":"<p>Macaquinho<\/p>\n","protected":false},"excerpt":{"rendered":"<p>O Macaquinho para Gin\u00e1stica foi desenvolvido em suplex especial, que possui tecnologia para ser estampado na sublima\u00e7\u00e3o.<br \/>\n\u00c9 ideal para treinos que exigem mobilidade e prote\u00e7\u00e3o com menor exposi\u00e7\u00e3o da pele.<br \/>\n\u00c9 100% sublimado no design selecionado pela escola.<\/p>\n","protected":false},"featured_media":0,"template":"","meta":{"_themeisle_gutenberg_block_has_review":false},"product_brand":[],"product_cat":[865],"product_tag":[],"berocket_brand":[866],"class_list":{"0":"post-25745","1":"product","2":"type-product","3":"status-publish","5":"product_cat-reverence","6":"berocket_brand-reverence","8":"entry","10":"first","11":"instock","12":"featured","13":"shipping-taxable","14":"purchasable","15":"product-type-variable","16":"col","17":"span_1_of_3","18":"owp-content-center","19":"owp-thumbs-layout-horizontal","20":"owp-btn-big","21":"owp-tabs-layout-horizontal"},"jetpack_sharing_enabled":true,"_links":{"self":[{"href":"https:\/\/mikafolica.com.br\/wp\/wp-json\/wp\/v2\/product\/25745","targetHints":{"allow":["GET"]}}],"collection":[{"href":"https:\/\/mikafolica.com.br\/wp\/wp-json\/wp\/v2\/product"}],"about":[{"href":"https:\/\/mikafolica.com.br\/wp\/wp-json\/wp\/v2\/types\/product"}],"wp:attachment":[{"href":"https:\/\/mikafolica.com.br\/wp\/wp-json\/wp\/v2\/media?parent=25745"}],"wp:term":[{"taxonomy":"product_brand","embeddable":true,"href":"https:\/\/mikafolica.com.br\/wp\/wp-json\/wp\/v2\/product_brand?post=25745"},{"taxonomy":"product_cat","embeddable":true,"href":"https:\/\/mikafolica.com.br\/wp\/wp-json\/wp\/v2\/product_cat?post=25745"},{"taxonomy":"product_tag","embeddable":true,"href":"https:\/\/mikafolica.com.br\/wp\/wp-json\/wp\/v2\/product_tag?post=25745"},{"taxonomy":"berocket_brand","embeddable":true,"href":"https:\/\/mikafolica.com.br\/wp\/wp-json\/wp\/v2\/berocket_brand?post=25745"}],"curies":[{"name":"wp","href":"https:\/\/api.w.org\/{rel}","templated":true}]}}