{"id":25858,"date":"2026-04-06T13:08:27","date_gmt":"2026-04-06T16:08:27","guid":{"rendered":"https:\/\/mikafolica.com.br\/wp\/?post_type=product&#038;p=25858"},"modified":"2026-04-09T11:47:17","modified_gmt":"2026-04-09T14:47:17","slug":"calca-jogger-reverence","status":"publish","type":"product","link":"https:\/\/mikafolica.com.br\/wp\/produto\/calca-jogger-reverence\/","title":{"rendered":"Cal\u00e7a Jogger R\u00e9v\u00e9rence"},"content":{"rendered":"<p>Cal\u00e7a Jogger com Cord\u00e3o<\/p>\n","protected":false},"excerpt":{"rendered":"<p>A Cal\u00e7a Jogger em microfibra com elastano, tem modelagem reta e \u00e9 perfeita para esportes. Seu elastano permite mobilidade e versatilidade de forma confort\u00e1vel, al\u00e9m de \u00f3timo caimento.<br \/>\n\u00c9 confeccionada com c\u00f3s largo, cord\u00e3o de algod\u00e3o e detalhe de ilh\u00f3s. A cal\u00e7a tamb\u00e9m possui bolsos laterais.<br \/>\n\u00c9 100% sublimado no design selecionado pela escola.<\/p>\n","protected":false},"featured_media":0,"template":"","meta":{"_themeisle_gutenberg_block_has_review":false},"product_brand":[],"product_cat":[865],"product_tag":[],"berocket_brand":[866],"class_list":{"0":"post-25858","1":"product","2":"type-product","3":"status-publish","5":"product_cat-reverence","6":"berocket_brand-reverence","8":"entry","10":"first","11":"instock","12":"featured","13":"shipping-taxable","14":"purchasable","15":"product-type-variable","16":"col","17":"span_1_of_3","18":"owp-content-center","19":"owp-thumbs-layout-horizontal","20":"owp-btn-big","21":"owp-tabs-layout-horizontal","22":"has-no-thumbnails"},"jetpack_sharing_enabled":true,"_links":{"self":[{"href":"https:\/\/mikafolica.com.br\/wp\/wp-json\/wp\/v2\/product\/25858","targetHints":{"allow":["GET"]}}],"collection":[{"href":"https:\/\/mikafolica.com.br\/wp\/wp-json\/wp\/v2\/product"}],"about":[{"href":"https:\/\/mikafolica.com.br\/wp\/wp-json\/wp\/v2\/types\/product"}],"wp:attachment":[{"href":"https:\/\/mikafolica.com.br\/wp\/wp-json\/wp\/v2\/media?parent=25858"}],"wp:term":[{"taxonomy":"product_brand","embeddable":true,"href":"https:\/\/mikafolica.com.br\/wp\/wp-json\/wp\/v2\/product_brand?post=25858"},{"taxonomy":"product_cat","embeddable":true,"href":"https:\/\/mikafolica.com.br\/wp\/wp-json\/wp\/v2\/product_cat?post=25858"},{"taxonomy":"product_tag","embeddable":true,"href":"https:\/\/mikafolica.com.br\/wp\/wp-json\/wp\/v2\/product_tag?post=25858"},{"taxonomy":"berocket_brand","embeddable":true,"href":"https:\/\/mikafolica.com.br\/wp\/wp-json\/wp\/v2\/berocket_brand?post=25858"}],"curies":[{"name":"wp","href":"https:\/\/api.w.org\/{rel}","templated":true}]}}