{"id":25954,"date":"2026-04-06T13:16:47","date_gmt":"2026-04-06T16:16:47","guid":{"rendered":"https:\/\/mikafolica.com.br\/wp\/?post_type=product&#038;p=25954"},"modified":"2026-04-09T11:42:13","modified_gmt":"2026-04-09T14:42:13","slug":"collant-sem-saia-jazz-reverence","status":"publish","type":"product","link":"https:\/\/mikafolica.com.br\/wp\/produto\/collant-sem-saia-jazz-reverence\/","title":{"rendered":"Collant sem Saia Jazz R\u00e9v\u00e9rence"},"content":{"rendered":"<p>Collant sem saia<\/p>\n","protected":false},"excerpt":{"rendered":"<p>O Collant sem Saia \u00e9 confeccionado em tecido leve extremamente confort\u00e1vel, com 10% de elastano e toque extremamente suave.<br \/>\nPossui manga regata e el\u00e1stico em todas as cavas e decotes, o que contribui para o caimento e durabilidade da pe\u00e7a.<br \/>\nO forro na cor bege est\u00e1 presente na frente e nas costas, desenvolvido com tecido com prote\u00e7\u00e3o UV.<br \/>\n\u00c9 100% sublimado no design selecionado pela escola.<\/p>\n","protected":false},"featured_media":0,"template":"","meta":{"_themeisle_gutenberg_block_has_review":false},"product_brand":[],"product_cat":[865],"product_tag":[],"berocket_brand":[866],"class_list":{"0":"post-25954","1":"product","2":"type-product","3":"status-publish","5":"product_cat-reverence","6":"berocket_brand-reverence","8":"entry","10":"first","11":"instock","12":"shipping-taxable","13":"purchasable","14":"product-type-variable","15":"col","16":"span_1_of_3","17":"owp-content-center","18":"owp-thumbs-layout-horizontal","19":"owp-btn-big","20":"owp-tabs-layout-horizontal","21":"has-no-thumbnails"},"jetpack_sharing_enabled":true,"_links":{"self":[{"href":"https:\/\/mikafolica.com.br\/wp\/wp-json\/wp\/v2\/product\/25954","targetHints":{"allow":["GET"]}}],"collection":[{"href":"https:\/\/mikafolica.com.br\/wp\/wp-json\/wp\/v2\/product"}],"about":[{"href":"https:\/\/mikafolica.com.br\/wp\/wp-json\/wp\/v2\/types\/product"}],"wp:attachment":[{"href":"https:\/\/mikafolica.com.br\/wp\/wp-json\/wp\/v2\/media?parent=25954"}],"wp:term":[{"taxonomy":"product_brand","embeddable":true,"href":"https:\/\/mikafolica.com.br\/wp\/wp-json\/wp\/v2\/product_brand?post=25954"},{"taxonomy":"product_cat","embeddable":true,"href":"https:\/\/mikafolica.com.br\/wp\/wp-json\/wp\/v2\/product_cat?post=25954"},{"taxonomy":"product_tag","embeddable":true,"href":"https:\/\/mikafolica.com.br\/wp\/wp-json\/wp\/v2\/product_tag?post=25954"},{"taxonomy":"berocket_brand","embeddable":true,"href":"https:\/\/mikafolica.com.br\/wp\/wp-json\/wp\/v2\/berocket_brand?post=25954"}],"curies":[{"name":"wp","href":"https:\/\/api.w.org\/{rel}","templated":true}]}}