{"id":26097,"date":"2026-04-07T14:06:35","date_gmt":"2026-04-07T17:06:35","guid":{"rendered":"https:\/\/mikafolica.com.br\/wp\/?post_type=product&#038;p=26097"},"modified":"2026-04-10T09:34:12","modified_gmt":"2026-04-10T12:34:12","slug":"shorts-justo-em-cirre-leonardo-estevao","status":"publish","type":"product","link":"https:\/\/mikafolica.com.br\/wp\/produto\/shorts-justo-em-cirre-leonardo-estevao\/","title":{"rendered":"Shorts Justo em Cirr\u00ea Leonardo Estev\u00e3o"},"content":{"rendered":"<p>Shorts Justo Leonardo Estev\u00e3o<\/p>\n","protected":false},"excerpt":{"rendered":"<p>O Shorts Justo foi desenvolvido para oferecer conforto e performance em diferentes modalidades esportivas.<br \/>\nO tecido proporciona brilho molhado! Por ser uma pe\u00e7a em tecido especial, necessita de cuidados para manuten\u00e7\u00e3o e conserva\u00e7\u00e3o. Por exemplo: lavar \u00e0 m\u00e3o com sab\u00e3o neutro, n\u00e3o alvejar ou limpar a seco, n\u00e3o secar em tambor ou secadora, n\u00e3o secar ao sol, n\u00e3o utilizar \u00e1gua quente e n\u00e3o passar. Essas e outras orienta\u00e7\u00f5es, se encontram na etiqueta que acompanha o produto.<br \/>\nCom comprimento mais curto, proporciona liberdade total aos movimentos, enquanto o tecido em Suplex de compress\u00e3o moderada garante sustenta\u00e7\u00e3o e firmeza.<br \/>\n\u00c9 100% sublimado no design selecionado pela escola.<\/p>\n","protected":false},"featured_media":26184,"template":"","meta":{"_themeisle_gutenberg_block_has_review":false},"product_brand":[],"product_cat":[854],"product_tag":[],"berocket_brand":[855],"class_list":{"0":"post-26097","1":"product","2":"type-product","3":"status-publish","4":"has-post-thumbnail","6":"product_cat-leonardo-estevao","7":"berocket_brand-leonardo-estevao","9":"entry","10":"has-media","12":"first","13":"instock","14":"featured","15":"shipping-taxable","16":"purchasable","17":"product-type-variable","18":"col","19":"span_1_of_3","20":"owp-content-center","21":"owp-thumbs-layout-horizontal","22":"owp-btn-big","23":"owp-tabs-layout-horizontal","24":"has-no-thumbnails"},"jetpack_sharing_enabled":true,"_links":{"self":[{"href":"https:\/\/mikafolica.com.br\/wp\/wp-json\/wp\/v2\/product\/26097","targetHints":{"allow":["GET"]}}],"collection":[{"href":"https:\/\/mikafolica.com.br\/wp\/wp-json\/wp\/v2\/product"}],"about":[{"href":"https:\/\/mikafolica.com.br\/wp\/wp-json\/wp\/v2\/types\/product"}],"wp:featuredmedia":[{"embeddable":true,"href":"https:\/\/mikafolica.com.br\/wp\/wp-json\/wp\/v2\/media\/26184"}],"wp:attachment":[{"href":"https:\/\/mikafolica.com.br\/wp\/wp-json\/wp\/v2\/media?parent=26097"}],"wp:term":[{"taxonomy":"product_brand","embeddable":true,"href":"https:\/\/mikafolica.com.br\/wp\/wp-json\/wp\/v2\/product_brand?post=26097"},{"taxonomy":"product_cat","embeddable":true,"href":"https:\/\/mikafolica.com.br\/wp\/wp-json\/wp\/v2\/product_cat?post=26097"},{"taxonomy":"product_tag","embeddable":true,"href":"https:\/\/mikafolica.com.br\/wp\/wp-json\/wp\/v2\/product_tag?post=26097"},{"taxonomy":"berocket_brand","embeddable":true,"href":"https:\/\/mikafolica.com.br\/wp\/wp-json\/wp\/v2\/berocket_brand?post=26097"}],"curies":[{"name":"wp","href":"https:\/\/api.w.org\/{rel}","templated":true}]}}