{"id":26358,"date":"2026-04-08T12:05:16","date_gmt":"2026-04-08T15:05:16","guid":{"rendered":"https:\/\/mikafolica.com.br\/wp\/?post_type=product&#038;p=26358"},"modified":"2026-04-08T12:11:02","modified_gmt":"2026-04-08T15:11:02","slug":"camiseta-danca-e-treino-mode-reverence","status":"publish","type":"product","link":"https:\/\/mikafolica.com.br\/wp\/produto\/camiseta-danca-e-treino-mode-reverence\/","title":{"rendered":"Camiseta Dan\u00e7a e Treino Mode R\u00e9v\u00e9rence"},"content":{"rendered":"<p>Camiseta em tecido de toque macio, leve e extremamente confort\u00e1vel.<\/p>\n","protected":false},"excerpt":{"rendered":"<p>Com um suave toque na pele que conquista todo tipo de esportista e uma modelagem larga e despojada, a Camiseta Dan\u00e7a e Treino \u00e9 uma pe\u00e7a que sai do b\u00e1sico.<br \/>\nConfeccionada em tecido Dry Sport que oferece conforto e durabilidade combinando estilo e praticidade.<br \/>\nTrata-se de um tecido de f\u00e1cil cuidado, t\u00e9rmico, antiodor, com prote\u00e7\u00e3o UV e secagem natural r\u00e1pida.<br \/>\n\u00c9 100% sublimada.<\/p>\n","protected":false},"featured_media":5408,"template":"","meta":{"_themeisle_gutenberg_block_has_review":false},"product_brand":[],"product_cat":[865],"product_tag":[],"berocket_brand":[866],"class_list":{"0":"post-26358","1":"product","2":"type-product","3":"status-publish","4":"has-post-thumbnail","6":"product_cat-reverence","7":"berocket_brand-reverence","9":"entry","10":"has-media","12":"first","13":"instock","14":"shipping-taxable","15":"purchasable","16":"product-type-variable","17":"col","18":"span_1_of_3","19":"owp-content-center","20":"owp-thumbs-layout-horizontal","21":"owp-btn-big","22":"owp-tabs-layout-horizontal","23":"has-no-thumbnails"},"jetpack_sharing_enabled":true,"_links":{"self":[{"href":"https:\/\/mikafolica.com.br\/wp\/wp-json\/wp\/v2\/product\/26358","targetHints":{"allow":["GET"]}}],"collection":[{"href":"https:\/\/mikafolica.com.br\/wp\/wp-json\/wp\/v2\/product"}],"about":[{"href":"https:\/\/mikafolica.com.br\/wp\/wp-json\/wp\/v2\/types\/product"}],"wp:featuredmedia":[{"embeddable":true,"href":"https:\/\/mikafolica.com.br\/wp\/wp-json\/wp\/v2\/media\/5408"}],"wp:attachment":[{"href":"https:\/\/mikafolica.com.br\/wp\/wp-json\/wp\/v2\/media?parent=26358"}],"wp:term":[{"taxonomy":"product_brand","embeddable":true,"href":"https:\/\/mikafolica.com.br\/wp\/wp-json\/wp\/v2\/product_brand?post=26358"},{"taxonomy":"product_cat","embeddable":true,"href":"https:\/\/mikafolica.com.br\/wp\/wp-json\/wp\/v2\/product_cat?post=26358"},{"taxonomy":"product_tag","embeddable":true,"href":"https:\/\/mikafolica.com.br\/wp\/wp-json\/wp\/v2\/product_tag?post=26358"},{"taxonomy":"berocket_brand","embeddable":true,"href":"https:\/\/mikafolica.com.br\/wp\/wp-json\/wp\/v2\/berocket_brand?post=26358"}],"curies":[{"name":"wp","href":"https:\/\/api.w.org\/{rel}","templated":true}]}}