{"id":27951,"date":"2026-04-17T10:59:19","date_gmt":"2026-04-17T13:59:19","guid":{"rendered":"https:\/\/mikafolica.com.br\/wp\/?post_type=product&#038;p=27951"},"modified":"2026-04-17T11:02:50","modified_gmt":"2026-04-17T14:02:50","slug":"camiseta-regata-sao-domingos","status":"publish","type":"product","link":"https:\/\/mikafolica.com.br\/wp\/produto\/camiseta-regata-sao-domingos\/","title":{"rendered":"Camiseta Regata S\u00e3o Domingos"},"content":{"rendered":"<p>Camiseta Regata<\/p>\n","protected":false},"excerpt":{"rendered":"<p>Com um suave toque na pele que conquista todo tipo de esportista e uma modelagem slim com gola redonda, a Camiseta Regata \u00e9 uma pe\u00e7a que sai do b\u00e1sico.<br \/>\nConfeccionada em tecido Dry Sport que oferece conforto e durabilidade combinando estilo e praticidade.<br \/>\nTrata-se de um tecido de f\u00e1cil cuidado, t\u00e9rmico, antiodor, com prote\u00e7\u00e3o UV e secagem natural r\u00e1pida.<br \/>\n\u00c9 100% sublimada no design selecionado pela escola.<\/p>\n","protected":false},"featured_media":27964,"template":"","meta":{"_themeisle_gutenberg_block_has_review":false},"product_brand":[],"product_cat":[873],"product_tag":[],"berocket_brand":[874],"class_list":{"0":"post-27951","1":"product","2":"type-product","3":"status-publish","4":"has-post-thumbnail","6":"product_cat-colegio-sao-domingos","7":"berocket_brand-colegio-sao-domingos","9":"entry","10":"has-media","12":"first","13":"instock","14":"featured","15":"shipping-taxable","16":"purchasable","17":"product-type-variable","18":"col","19":"span_1_of_3","20":"owp-content-center","21":"owp-thumbs-layout-horizontal","22":"owp-btn-big","23":"owp-tabs-layout-horizontal","24":"has-no-thumbnails"},"jetpack_sharing_enabled":true,"_links":{"self":[{"href":"https:\/\/mikafolica.com.br\/wp\/wp-json\/wp\/v2\/product\/27951","targetHints":{"allow":["GET"]}}],"collection":[{"href":"https:\/\/mikafolica.com.br\/wp\/wp-json\/wp\/v2\/product"}],"about":[{"href":"https:\/\/mikafolica.com.br\/wp\/wp-json\/wp\/v2\/types\/product"}],"wp:featuredmedia":[{"embeddable":true,"href":"https:\/\/mikafolica.com.br\/wp\/wp-json\/wp\/v2\/media\/27964"}],"wp:attachment":[{"href":"https:\/\/mikafolica.com.br\/wp\/wp-json\/wp\/v2\/media?parent=27951"}],"wp:term":[{"taxonomy":"product_brand","embeddable":true,"href":"https:\/\/mikafolica.com.br\/wp\/wp-json\/wp\/v2\/product_brand?post=27951"},{"taxonomy":"product_cat","embeddable":true,"href":"https:\/\/mikafolica.com.br\/wp\/wp-json\/wp\/v2\/product_cat?post=27951"},{"taxonomy":"product_tag","embeddable":true,"href":"https:\/\/mikafolica.com.br\/wp\/wp-json\/wp\/v2\/product_tag?post=27951"},{"taxonomy":"berocket_brand","embeddable":true,"href":"https:\/\/mikafolica.com.br\/wp\/wp-json\/wp\/v2\/berocket_brand?post=27951"}],"curies":[{"name":"wp","href":"https:\/\/api.w.org\/{rel}","templated":true}]}}