{"id":4161,"date":"2023-06-01T17:44:20","date_gmt":"2023-06-01T20:44:20","guid":{"rendered":"https:\/\/mikafolica.com.br\/wp\/?post_type=product&#038;p=4161"},"modified":"2026-02-06T17:10:08","modified_gmt":"2026-02-06T20:10:08","slug":"macacao-para-tecido-acrobatico-pontas-v","status":"publish","type":"product","link":"https:\/\/mikafolica.com.br\/wp\/produto\/macacao-para-tecido-acrobatico-pontas-v\/","title":{"rendered":"Macac\u00e3o para Tecido Acrob\u00e1tico Pontas V"},"content":{"rendered":"<p>Macac\u00e3o para Tecido Acrob\u00e1tico, confeccionado 100% em Suplex.<\/p>\n<p>Cristais s\u00e3o imagens estampadas no tecido.<\/p>\n<p>A cor bege, imitando pele, \u00e9 estampada.<\/p>\n<p>N\u00e3o possui tule de lycra. N\u00e3o possui aplica\u00e7\u00e3o de cristal.<\/p>\n<p>&nbsp;<\/p>\n<p>&nbsp;<\/p>\n","protected":false},"excerpt":{"rendered":"<p>O macac\u00e3o para tecido acrob\u00e1tico longo foi desenvolvido em suplex especial, que possui tecnologia para ser estampado na sublima\u00e7\u00e3o.<br \/>\nPossui cal\u00e7as tipo legging e a parte superior na op\u00e7\u00e3o regata ou com mangas.<br \/>\nNas costas, pode ser com decote em U ou em formato de gota com bot\u00e3o.<br \/>\n\u00c9 ideal para treinos que exigem mobilidade e prote\u00e7\u00e3o com menor exposi\u00e7\u00e3o da pele.<br \/>\n\u00c9 100% sublimado.<\/p>\n","protected":false},"featured_media":4160,"template":"","meta":{"_themeisle_gutenberg_block_has_review":false},"product_brand":[],"product_cat":[93],"product_tag":[],"berocket_brand":[],"class_list":{"0":"post-4161","1":"product","2":"type-product","3":"status-publish","4":"has-post-thumbnail","6":"product_cat-tecido-acrobatico","8":"entry","9":"has-media","11":"first","12":"instock","13":"shipping-taxable","14":"purchasable","15":"product-type-variable","16":"col","17":"span_1_of_3","18":"owp-content-center","19":"owp-thumbs-layout-horizontal","20":"owp-btn-big","21":"owp-tabs-layout-horizontal"},"jetpack_sharing_enabled":true,"_links":{"self":[{"href":"https:\/\/mikafolica.com.br\/wp\/wp-json\/wp\/v2\/product\/4161","targetHints":{"allow":["GET"]}}],"collection":[{"href":"https:\/\/mikafolica.com.br\/wp\/wp-json\/wp\/v2\/product"}],"about":[{"href":"https:\/\/mikafolica.com.br\/wp\/wp-json\/wp\/v2\/types\/product"}],"wp:featuredmedia":[{"embeddable":true,"href":"https:\/\/mikafolica.com.br\/wp\/wp-json\/wp\/v2\/media\/4160"}],"wp:attachment":[{"href":"https:\/\/mikafolica.com.br\/wp\/wp-json\/wp\/v2\/media?parent=4161"}],"wp:term":[{"taxonomy":"product_brand","embeddable":true,"href":"https:\/\/mikafolica.com.br\/wp\/wp-json\/wp\/v2\/product_brand?post=4161"},{"taxonomy":"product_cat","embeddable":true,"href":"https:\/\/mikafolica.com.br\/wp\/wp-json\/wp\/v2\/product_cat?post=4161"},{"taxonomy":"product_tag","embeddable":true,"href":"https:\/\/mikafolica.com.br\/wp\/wp-json\/wp\/v2\/product_tag?post=4161"},{"taxonomy":"berocket_brand","embeddable":true,"href":"https:\/\/mikafolica.com.br\/wp\/wp-json\/wp\/v2\/berocket_brand?post=4161"}],"curies":[{"name":"wp","href":"https:\/\/api.w.org\/{rel}","templated":true}]}}