{"id":9212,"date":"2024-05-25T13:01:10","date_gmt":"2024-05-25T16:01:10","guid":{"rendered":"https:\/\/mikafolica.com.br\/wp\/?post_type=product&#038;p=9212"},"modified":"2026-02-06T15:59:14","modified_gmt":"2026-02-06T18:59:14","slug":"macacao-para-tecido-acrobatico-faixas-ouro","status":"publish","type":"product","link":"https:\/\/mikafolica.com.br\/wp\/produto\/macacao-para-tecido-acrobatico-faixas-ouro\/","title":{"rendered":"Macac\u00e3o para Tecido Acrob\u00e1tico Faixas Ouro"},"content":{"rendered":"<p>Macac\u00e3o para Tecido Acrob\u00e1tico, confeccionado 100% em Suplex.<\/p>\n<p>&nbsp;<\/p>\n<p>&nbsp;<\/p>\n<p>&nbsp;<\/p>\n","protected":false},"excerpt":{"rendered":"<p>O macac\u00e3o para tecido acrob\u00e1tico longo foi desenvolvido em suplex especial, que possui tecnologia para ser estampado na sublima\u00e7\u00e3o.<br \/>\nPossui cal\u00e7as tipo legging e a parte superior na op\u00e7\u00e3o regata ou com mangas.<br \/>\nNas costas, pode ser com decote em U ou em formato de gota com bot\u00e3o.<br \/>\n\u00c9 ideal para treinos que exigem mobilidade e prote\u00e7\u00e3o com menor exposi\u00e7\u00e3o da pele.<\/p>\n","protected":false},"featured_media":9211,"template":"","meta":{"_themeisle_gutenberg_block_has_review":false},"product_brand":[],"product_cat":[93],"product_tag":[],"berocket_brand":[],"class_list":{"0":"post-9212","1":"product","2":"type-product","3":"status-publish","4":"has-post-thumbnail","6":"product_cat-tecido-acrobatico","8":"entry","9":"has-media","11":"first","12":"instock","13":"featured","14":"shipping-taxable","15":"purchasable","16":"product-type-variable","17":"col","18":"span_1_of_3","19":"owp-content-center","20":"owp-thumbs-layout-horizontal","21":"owp-btn-big","22":"owp-tabs-layout-horizontal"},"jetpack_sharing_enabled":true,"_links":{"self":[{"href":"https:\/\/mikafolica.com.br\/wp\/wp-json\/wp\/v2\/product\/9212","targetHints":{"allow":["GET"]}}],"collection":[{"href":"https:\/\/mikafolica.com.br\/wp\/wp-json\/wp\/v2\/product"}],"about":[{"href":"https:\/\/mikafolica.com.br\/wp\/wp-json\/wp\/v2\/types\/product"}],"wp:featuredmedia":[{"embeddable":true,"href":"https:\/\/mikafolica.com.br\/wp\/wp-json\/wp\/v2\/media\/9211"}],"wp:attachment":[{"href":"https:\/\/mikafolica.com.br\/wp\/wp-json\/wp\/v2\/media?parent=9212"}],"wp:term":[{"taxonomy":"product_brand","embeddable":true,"href":"https:\/\/mikafolica.com.br\/wp\/wp-json\/wp\/v2\/product_brand?post=9212"},{"taxonomy":"product_cat","embeddable":true,"href":"https:\/\/mikafolica.com.br\/wp\/wp-json\/wp\/v2\/product_cat?post=9212"},{"taxonomy":"product_tag","embeddable":true,"href":"https:\/\/mikafolica.com.br\/wp\/wp-json\/wp\/v2\/product_tag?post=9212"},{"taxonomy":"berocket_brand","embeddable":true,"href":"https:\/\/mikafolica.com.br\/wp\/wp-json\/wp\/v2\/berocket_brand?post=9212"}],"curies":[{"name":"wp","href":"https:\/\/api.w.org\/{rel}","templated":true}]}}